{"id":925,"date":"2022-04-11T21:50:09","date_gmt":"2022-04-11T19:50:09","guid":{"rendered":"https:\/\/xizhai.de\/?page_id=925"},"modified":"2022-10-27T19:41:26","modified_gmt":"2022-10-27T17:41:26","slug":"cd","status":"publish","type":"page","link":"https:\/\/xizhai.de\/en\/cd\/","title":{"rendered":"CD"},"content":{"rendered":"\n<figure class=\"wp-block-image size-full is-resized\"><img loading=\"lazy\" decoding=\"async\" src=\"https:\/\/xizhai.de\/wp-content\/uploads\/2022\/10\/CD-cover-2.jpg\" alt=\"\" class=\"wp-image-928\" width=\"364\" height=\"364\" srcset=\"https:\/\/xizhai.de\/wp-content\/uploads\/2022\/10\/CD-cover-2.jpg 512w, https:\/\/xizhai.de\/wp-content\/uploads\/2022\/10\/CD-cover-2-300x300.jpg 300w, https:\/\/xizhai.de\/wp-content\/uploads\/2022\/10\/CD-cover-2-150x150.jpg 150w\" sizes=\"(max-width: 364px) 100vw, 364px\" \/><figcaption><a href=\"https:\/\/haensslerprofil.de\/shop\/soloinstr-ohne-orchester\/frederic-chopin-etudes-xi-zhai\/\" data-type=\"page\">Fr\u00e9d\u00e9ric Chopin-\u00c9tudes<\/a><\/figcaption><\/figure>\n\n\n\n<figure class=\"wp-block-image size-full is-resized\"><img loading=\"lazy\" decoding=\"async\" src=\"https:\/\/xizhai.de\/wp-content\/uploads\/2022\/04\/xi-zhai-hindemith.jpg\" alt=\"\" class=\"wp-image-841\" width=\"367\" height=\"367\" srcset=\"https:\/\/xizhai.de\/wp-content\/uploads\/2022\/04\/xi-zhai-hindemith.jpg 600w, https:\/\/xizhai.de\/wp-content\/uploads\/2022\/04\/xi-zhai-hindemith-300x300.jpg 300w, https:\/\/xizhai.de\/wp-content\/uploads\/2022\/04\/xi-zhai-hindemith-150x150.jpg 150w\" sizes=\"(max-width: 367px) 100vw, 367px\" \/><figcaption><a href=\"http:\/\/amazon.de\/music\/player\/albums\/B084FWFVDQ?marketplaceId=A1PA6795UKMFR9&amp;musicTerritory=DE&amp;trackAsin=B084FWK8QD&amp;ref=sr_1_1&amp;s=software&amp;keywords=hindemith+xi+zhai&amp;crid=1CTQMSL5B68PE&amp;sprefix=hindemith+xi+zhai%2Csoftware%2C84&amp;qid=1649706446&amp;sr=1-1\">Hindemith Kammermusik I<\/a><\/figcaption><\/figure>\n","protected":false},"excerpt":{"rendered":"","protected":false},"author":1,"featured_media":0,"parent":0,"menu_order":0,"comment_status":"closed","ping_status":"closed","template":"","meta":{"footnotes":""},"_links":{"self":[{"href":"https:\/\/xizhai.de\/en\/wp-json\/wp\/v2\/pages\/925\/"}],"collection":[{"href":"https:\/\/xizhai.de\/en\/wp-json\/wp\/v2\/pages\/"}],"about":[{"href":"https:\/\/xizhai.de\/en\/wp-json\/wp\/v2\/types\/page\/"}],"author":[{"embeddable":true,"href":"https:\/\/xizhai.de\/en\/wp-json\/wp\/v2\/users\/1\/"}],"replies":[{"embeddable":true,"href":"https:\/\/xizhai.de\/en\/wp-json\/wp\/v2\/comments\/?post=925"}],"version-history":[{"count":2,"href":"https:\/\/xizhai.de\/en\/wp-json\/wp\/v2\/pages\/925\/revisions\/"}],"predecessor-version":[{"id":931,"href":"https:\/\/xizhai.de\/en\/wp-json\/wp\/v2\/pages\/925\/revisions\/931\/"}],"wp:attachment":[{"href":"https:\/\/xizhai.de\/en\/wp-json\/wp\/v2\/media\/?parent=925"}],"curies":[{"name":"wp","href":"https:\/\/api.w.org\/{rel}","templated":true}]}}